{"id":63,"date":"2026-03-30T15:09:16","date_gmt":"2026-03-30T13:09:16","guid":{"rendered":"http:\/\/polrat.de.w0216948.kasserver.com\/?page_id=63"},"modified":"2026-04-02T14:18:43","modified_gmt":"2026-04-02T12:18:43","slug":"haushaltshilfen-pflegekrafte","status":"publish","type":"page","link":"https:\/\/polrat.de\/pl\/pomoc-domowa-opiekunowie\/","title":{"rendered":"Pomoc domowa\/opiekunowie"},"content":{"rendered":"<h1>Vorsorge f\u00fcr Pflege und Abschied<\/h1>\n<h1>Verantwortung \u00fcbernehmen, Sicherheit schaffen<\/h1>\n<div>\n<p>Die Themen Pflegebed\u00fcrftigkeit und der letzte Abschied sind sensible und oft tabuisierte Aspekte des Lebens. Doch gerade diese Bereiche verdienen unsere besondere Aufmerksamkeit, da sie nicht nur emotionale, sondern auch erhebliche finanzielle Herausforderungen mit sich bringen.<\/p>\n<p>Mit zunehmendem Alter steigt das Risiko, auf Pflege angewiesen zu sein. Gleichzeitig stellt der Verlust eines geliebten Menschen Angeh\u00f6rige nicht nur vor emotionale, sondern auch vor organisatorische und finanzielle H\u00fcrden. Hier ist es wichtig, rechtzeitig vorzusorgen \u2013 f\u00fcr sich selbst und f\u00fcr die Familie.<\/p>\n<p>Ob durch die Absicherung im Pflegefall oder die finanzielle Vorsorge f\u00fcr eine w\u00fcrdevolle Bestattung: Eine fr\u00fchzeitige Planung sorgt f\u00fcr Sicherheit, entlastet die Angeh\u00f6rigen und bewahrt die eigene Unabh\u00e4ngigkeit. Lassen Sie uns gemeinsam einen Blick darauf werfen, wie individuelle L\u00f6sungen wie die Pflegerente oder eine Sterbegeldversicherung dazu beitragen k\u00f6nnen, diesen Lebensabschnitt mit W\u00fcrde und Gelassenheit zu gestalten.<\/p>\n<\/div>\n<ul>\n<li>\n<p>        <img decoding=\"async\" src=\"\/wp-content\/uploads\/2026\/03\/csm_shutterstock_2564843495_6d89b0194e1.jpg\" alt=\"\"><\/p>\n<h3>Pflege zu Hause \u2013 24-Stunden-Betreuung<\/h3>\n<div>Wir unterst\u00fctzen Sie bei der Organisation und Vermittlung von 24-Stunden-Betreuung, damit Sie oder Ihre Angeh\u00f6rigen sicher und liebevoll in den eigenen vier W\u00e4nden versorgt werden.<\/div>\n<\/li>\n<li>\n<p>        <img decoding=\"async\" src=\"\/wp-content\/uploads\/2026\/03\/csm_shutterstock_1127343602_63882d15471.jpg\" alt=\"\"><\/p>\n<h3>Polnische Betreuungskr\u00e4fte<\/h3>\n<div>Polnische Betreuungskr\u00e4fte bieten bezahlbare Unterst\u00fctzung bei der Pflege und im Haushalt. Erfahren Sie alles \u00fcber Kosten, Vorteile und die legale Besch\u00e4ftigung.<\/div>\n<\/li>\n<\/ul>\n<div>\n<p>        <img decoding=\"async\" src=\"\/wp-content\/uploads\/2026\/04\/Konrad_Schulz_VM_Logo.svg\" alt=\"\"><\/p>\n<h3>Bei allen Fragen zum Thema Versicherungen<\/h3>\n<div>\n<p><strong>Beispiel:<\/strong><br \/>Pflegerente &#8211; Rente mit Pflegeoption<br \/>Sterbegeldversicherung<\/p>\n<p>Wir helfen weiter!<br \/><strong>Konrad Schulz &#8211; Ihr Versicherungsmakler<\/strong><br \/>Karlstr. 22<br \/>61231Bad Nauheim<\/p>\n<\/div>\n<p><a href=\"https:\/\/vfm-schulz.de\/\"><\/a><\/p>\n<\/div>\n<p><!--more--><br \/>\n<!-- {\"type\":\"layout\",\"children\":[{\"name\":\"Hero\",\"type\":\"section\",\"props\":{\"animation\":\"slide-bottom-medium\",\"animation_delay\":\"200\",\"image\":\"wp-content\/uploads\/2026\/03\/csm_shutterstock_2647689369_413b0a635e1.jpg\",\"image_loading\":true,\"image_position\":\"center-center\",\"image_size\":\"cover\",\"image_width\":\"1920\",\"overlap\":false,\"padding_bottom\":\"xlarge\",\"padding_top\":\"xlarge\",\"style\":\"secondary\",\"text_color\":\"dark\",\"title_breakpoint\":\"xl\",\"title_position\":\"top-left\",\"title_rotation\":\"left\",\"vertical_align\":\"\",\"width\":\"default\"},\"children\":[{\"type\":\"row\",\"children\":[{\"type\":\"column\",\"props\":{\"image_position\":\"center-center\",\"position_sticky_breakpoint\":\"m\",\"width_medium\":\"1-1\"},\"children\":[{\"type\":\"headline\",\"props\":{\"content\":\"Vorsorge f\u00fcr Pflege und Abschied\",\"content_pl_pl\":\"Planowanie opieki i \u015bmierci\\n\",\"image_align\":\"left\",\"image_margin\":\"xsmall\",\"margin_bottom\":\"small\",\"margin_top\":\"small\",\"text_align\":\"center\",\"title_element\":\"h1\",\"title_style\":\"heading-large\"}}]}]}]},{\"name\":\"Partners\",\"type\":\"section\",\"props\":{\"animation\":\"scale-up\",\"image_position\":\"bottom-center\",\"image_size\":\"contain\",\"image_width\":\"1920\",\"media_overlay\":\"rgba(255, 255, 255, 0.87)\",\"overlap\":true,\"padding_bottom\":\"xlarge\",\"padding_top\":\"xlarge\",\"style\":\"default\",\"title_breakpoint\":\"xl\",\"title_position\":\"top-left\",\"title_rotation\":\"left\",\"vertical_align\":\"\",\"width\":\"large\"},\"children\":[{\"type\":\"row\",\"props\":{\"margin_top\":\"default\"},\"children\":[{\"type\":\"column\",\"props\":{\"image_position\":\"center-center\",\"position_sticky_breakpoint\":\"m\"},\"children\":[{\"type\":\"headline\",\"props\":{\"content\":\"Verantwortung \u00fcbernehmen, Sicherheit schaffen\",\"content_pl_pl\":\"We\u017a odpowiedzialno\u015b\u0107, stw\u00f3rz bezpiecze\u0144stwo\\n\",\"image_align\":\"left\",\"image_margin\":\"xsmall\",\"title_element\":\"h1\"}},{\"type\":\"text\",\"props\":{\"column_breakpoint\":\"m\",\"content\":\"\n\n<p>Die Themen Pflegebed\u00fcrftigkeit und der letzte Abschied sind sensible und oft tabuisierte Aspekte des Lebens. Doch gerade diese Bereiche verdienen unsere besondere Aufmerksamkeit, da sie nicht nur emotionale, sondern auch erhebliche finanzielle Herausforderungen mit sich bringen.<\/p>\n\n\\n\n\n<p>Mit zunehmendem Alter steigt das Risiko, auf Pflege angewiesen zu sein. Gleichzeitig stellt der Verlust eines geliebten Menschen Angeh\u00f6rige nicht nur vor emotionale, sondern auch vor organisatorische und finanzielle H\u00fcrden. Hier ist es wichtig, rechtzeitig vorzusorgen \u2013 f\u00fcr sich selbst und f\u00fcr die Familie.<\/p>\n\n\\n\n\n<p>Ob durch die Absicherung im Pflegefall oder die finanzielle Vorsorge f\u00fcr eine w\u00fcrdevolle Bestattung: Eine fr\u00fchzeitige Planung sorgt f\u00fcr Sicherheit, entlastet die Angeh\u00f6rigen und bewahrt die eigene Unabh\u00e4ngigkeit. Lassen Sie uns gemeinsam einen Blick darauf werfen, wie individuelle L\u00f6sungen wie die Pflegerente oder eine Sterbegeldversicherung dazu beitragen k\u00f6nnen, diesen Lebensabschnitt mit W\u00fcrde und Gelassenheit zu gestalten.<\/p>\n\n\",\"content_pl_pl\":\"\n\n<p>Tematy zwi\u0105zane z potrzeb\u0105 opieki i po\u017cegnaniem to delikatne i cz\u0119sto tabuizowane aspekty \u017cycia. Jednak te obszary zas\u0142uguj\u0105 na szczeg\u00f3ln\u0105 uwag\u0119, poniewa\u017c nios\u0105 ze sob\u0105 nie tylko wyzwania emocjonalne, ale tak\u017ce powa\u017cne wyzwania finansowe.<\/p>\n\n\\n\\n\n\n<p>Wraz z wiekiem ro\u015bnie ryzyko konieczno\u015bci opieki. Jednocze\u015bnie utrata bliskiej osoby stawia przed cz\u0142onkami rodziny nie tylko wyzwania emocjonalne, ale tak\u017ce organizacyjne i finansowe. Wa\u017cne jest, aby planowa\u0107 z wyprzedzeniem \u2013 dla siebie i dla swojej rodziny.<\/p>\n\n\\n\\n\n\n<p>Czy to poprzez ubezpieczenie na wypadek d\u0142ugotrwa\u0142ej opieki, czy zabezpieczenie finansowe na godny pogrzeb: wczesne planowanie zapewnia bezpiecze\u0144stwo, odci\u0105\u017ca cz\u0142onk\u00f3w rodziny i chroni Twoj\u0105 niezale\u017cno\u015b\u0107. Przeanalizujmy razem, indywidualne rozwi\u0105zania, takie jak ubezpieczenie na wypadek d\u0142ugotrwa\u0142ej opieki lub ubezpieczenie koszt\u00f3w pogrzebu, mog\u0105 pom\u00f3c Ci przej\u015b\u0107 przez ten etap \u017cycia z godno\u015bci\u0105 i spokojem ducha.<\/p>\n\n\\n\",\"margin_bottom\":\"default\",\"margin_top\":\"default\"}}]}]},{\"type\":\"row\",\"props\":{\"layout\":\"2-3,1-3\",\"parallax\":false,\"row_gap\":\"large\"},\"children\":[{\"type\":\"column\",\"props\":{\"image_position\":\"center-center\",\"position_sticky_breakpoint\":\"m\",\"vertical_align\":\"middle\",\"width_medium\":\"2-3\"},\"children\":[{\"type\":\"grid\",\"props\":{\"content_column_breakpoint\":\"m\",\"filter_align\":\"left\",\"filter_all\":true,\"filter_grid_breakpoint\":\"m\",\"filter_grid_width\":\"auto\",\"filter_position\":\"top\",\"filter_style\":\"tab\",\"grid_column_align\":true,\"grid_default\":\"1\",\"grid_medium\":\"\",\"grid_small\":\"2\",\"image_align\":\"top\",\"image_grid_breakpoint\":\"m\",\"image_grid_width\":\"1-2\",\"image_svg_color\":\"emphasis\",\"item_animation\":true,\"lightbox_bg_close\":true,\"link_style\":\"default\",\"link_text\":\"Read more\",\"margin_bottom\":\"default\",\"margin_top\":\"default\",\"meta_align\":\"below-title\",\"meta_element\":\"div\",\"meta_style\":\"text-meta\",\"panel_image_no_padding\":true,\"panel_link\":false,\"panel_padding\":\"default\",\"panel_style\":\"card-secondary\",\"show_content\":true,\"show_hover_image\":true,\"show_hover_video\":true,\"show_image\":true,\"show_link\":true,\"show_meta\":true,\"show_title\":true,\"show_video\":true,\"title_align\":\"top\",\"title_element\":\"h3\",\"title_grid_breakpoint\":\"m\",\"title_grid_width\":\"1-2\",\"title_hover_style\":\"reset\"},\"children\":[{\"type\":\"grid_item\",\"props\":{\"content\":\"Wir unterst\u00fctzen Sie bei der Organisation und Vermittlung von 24-Stunden-Betreuung, damit Sie oder Ihre Angeh\u00f6rigen sicher und liebevoll in den eigenen vier W\u00e4nden versorgt werden.\",\"content_pl_pl\":\"Wspieramy Ci\u0119 w organizowaniu i zapewnianiu ca\u0142odobowej opieki, aby\u015b Ty lub Twoi bliscy mogli cieszy\u0107 si\u0119 bezpieczn\u0105 i pe\u0142n\u0105 mi\u0142o\u015bci opiek\u0105 w Twoim w\u0142asnym domu.\\n\",\"image\":\"wp-content\/uploads\/2026\/03\/csm_shutterstock_2564843495_6d89b0194e1.jpg\",\"title\":\"Pflege zu Hause \u2013 24-Stunden-Betreuung\",\"title_pl_pl\":\"Opieka domowa \u2013 opieka 24h\"}},{\"type\":\"grid_item\",\"props\":{\"content\":\"Polnische Betreuungskr\u00e4fte bieten bezahlbare Unterst\u00fctzung bei der Pflege und im Haushalt. Erfahren Sie alles \u00fcber Kosten, Vorteile und die legale Besch\u00e4ftigung.\",\"content_pl_pl\":\"Polscy opiekunowie oferuj\u0105 niedrogie wsparcie w zakresie opieki osobistej i prac domowych. Dowiedz si\u0119 wszystkiego o kosztach, \u015bwiadczeniach i legalnym zatrudnieniu.\\n\",\"image\":\"wp-content\/uploads\/2026\/03\/csm_shutterstock_1127343602_63882d15471.jpg\",\"title\":\"Polnische Betreuungskr\u00e4fte\",\"title_pl_pl\":\"polscy opiekunowie\"}}]}]},{\"type\":\"column\",\"props\":{\"image_position\":\"center-center\",\"position_sticky_breakpoint\":\"m\",\"vertical_align\":\"middle\",\"width_medium\":\"1-3\"},\"children\":[{\"type\":\"panel\",\"props\":{\"content\":\"\n\n<p><strong>Beispiel:<\/strong><br \/>Pflegerente - Rente mit Pflegeoption<br \/>Sterbegeldversicherung<\/p>\n\n\\n\n\n<p>Wir helfen weiter!<br \/><strong>Konrad Schulz - Ihr Versicherungsmakler<\/strong><br \/>Karlstr. 22<br \/>61231Bad Nauheim<\/p>\n\n\",\"content_column_breakpoint\":\"m\",\"content_pl_pl\":\"\n\n<p><strong>Przyk\u0142ad:<\/strong><br \/>Renta z tytu\u0142u opieki d\u0142ugoterminowej \u2013 renta z opcj\u0105 opieki d\u0142ugoterminowej<br \/>Ubezpieczenie koszt\u00f3w pogrzebu<\/p>\n\n\\n\\n\n\n<p>Mo\u017cemy pom\u00f3c!<br \/><strong>Konrad Schulz \u2013 Tw\u00f3j broker ubezpieczeniowy<\/strong><br \/>Karlstr. 22<br \/>61231 Bad Nauheim<\/p>\n\n\\n\",\"image\":\"wp-content\/uploads\/2026\/04\/Konrad_Schulz_VM_Logo.svg\",\"image_align\":\"top\",\"image_grid_breakpoint\":\"m\",\"image_grid_width\":\"1-2\",\"image_svg_color\":\"emphasis\",\"link\":\"https:\/\/vfm-schulz.de\/\",\"link_style\":\"default\",\"link_target\":true,\"link_text\":\"\",\"margin_bottom\":\"default\",\"margin_top\":\"default\",\"meta_align\":\"below-title\",\"meta_element\":\"div\",\"meta_style\":\"text-meta\",\"panel_link\":true,\"panel_padding\":\"default\",\"panel_style\":\"card-secondary\",\"text_align\":\"center\",\"title\":\"Bei allen Fragen zum Thema Versicherungen\",\"title_align\":\"top\",\"title_element\":\"h3\",\"title_grid_breakpoint\":\"m\",\"title_grid_width\":\"1-2\",\"title_hover_style\":\"reset\",\"title_pl_pl\":\"W przypadku pyta\u0144 dotycz\u0105cych ubezpiecze\u0144\"}}]}]}]}],\"version\":\"5.0.26\"} --><\/p>\n","protected":false},"excerpt":{"rendered":"<p>Vorsorge f\u00fcr Pflege und Abschied Verantwortung \u00fcbernehmen, Sicherheit schaffen Die Themen Pflegebed\u00fcrftigkeit und der letzte Abschied sind sensible und oft tabuisierte Aspekte des Lebens. Doch gerade diese Bereiche verdienen unsere besondere Aufmerksamkeit, da sie nicht nur emotionale, sondern auch erhebliche finanzielle Herausforderungen mit sich bringen. Mit zunehmendem Alter steigt das Risiko, auf Pflege angewiesen zu [&hellip;]<\/p>\n","protected":false},"author":1,"featured_media":0,"parent":0,"menu_order":0,"comment_status":"closed","ping_status":"closed","template":"","meta":{"footnotes":""},"class_list":["post-63","page","type-page","status-publish","hentry"],"yoast_head":"<!-- This site is optimized with the Yoast SEO plugin v27.3 - https:\/\/yoast.com\/product\/yoast-seo-wordpress\/ -->\n<title>Pomoc domowa\/opiekunowie<\/title>\n<meta name=\"robots\" content=\"index, follow, max-snippet:-1, max-image-preview:large, max-video-preview:-1\" \/>\n<meta property=\"og:locale\" content=\"pl_PL\" \/>\n<meta property=\"og:type\" content=\"article\" \/>\n<meta property=\"og:title\" content=\"Pomoc domowa\/opiekunowie\" \/>\n<meta property=\"og:url\" content=\"https:\/\/polrat.de\/pl\/pomoc-domowa-opiekunowie\/\" \/>\n<meta property=\"og:site_name\" content=\"POLRAT Consulting\" \/>\n<meta property=\"article:modified_time\" content=\"2026-04-02T12:18:43+00:00\" \/>\n<meta name=\"twitter:card\" content=\"summary_large_image\" \/>\n<meta name=\"twitter:label1\" content=\"Szacowany czas czytania\" \/>\n\t<meta name=\"twitter:data1\" content=\"1 minuta\" \/>\n<script type=\"application\/ld+json\" class=\"yoast-schema-graph\">{\"@context\":\"https:\\\/\\\/schema.org\",\"@graph\":[{\"@type\":\"WebPage\",\"@id\":\"https:\\\/\\\/polrat.de\\\/pl\\\/pomoc-domowa-opiekunowie\\\/\",\"url\":\"https:\\\/\\\/polrat.de\\\/pl\\\/pomoc-domowa-opiekunowie\\\/\",\"name\":\"Haushaltshilfen\\\/Pflegekr\u00e4fte - POLRAT Consulting\",\"isPartOf\":{\"@id\":\"https:\\\/\\\/polrat.de\\\/#website\"},\"datePublished\":\"2026-03-30T13:09:16+00:00\",\"dateModified\":\"2026-04-02T12:18:43+00:00\",\"breadcrumb\":{\"@id\":\"https:\\\/\\\/polrat.de\\\/pl\\\/pomoc-domowa-opiekunowie\\\/#breadcrumb\"},\"inLanguage\":\"pl-PL\",\"potentialAction\":[{\"@type\":\"ReadAction\",\"target\":[\"https:\\\/\\\/polrat.de\\\/pl\\\/pomoc-domowa-opiekunowie\\\/\"]}]},{\"@type\":\"BreadcrumbList\",\"@id\":\"https:\\\/\\\/polrat.de\\\/pl\\\/pomoc-domowa-opiekunowie\\\/#breadcrumb\",\"itemListElement\":[{\"@type\":\"ListItem\",\"position\":1,\"name\":\"Polrat Consulting\",\"item\":\"https:\\\/\\\/polrat.de\\\/\"},{\"@type\":\"ListItem\",\"position\":2,\"name\":\"Pomoc domowa\\\/opiekunowie\"}]},{\"@type\":\"WebSite\",\"@id\":\"https:\\\/\\\/polrat.de\\\/pl\\\/#website\",\"url\":\"https:\\\/\\\/polrat.de\\\/pl\\\/\",\"name\":\"POLRAT Consulting\",\"description\":\"Tw\u00f3j partner, gdy trzeba \u0142atwo upora\u0107 si\u0119 z biurokracj\u0105.\",\"potentialAction\":[{\"@type\":\"SearchAction\",\"target\":{\"@type\":\"EntryPoint\",\"urlTemplate\":\"https:\\\/\\\/polrat.de\\\/pl\\\/?s={search_term_string}\"},\"query-input\":{\"@type\":\"PropertyValueSpecification\",\"valueRequired\":true,\"valueName\":\"search_term_string\"}}],\"inLanguage\":\"pl-PL\"}]}<\/script>\n<!-- \/ Yoast SEO plugin. -->","yoast_head_json":{"title":"Pomoc domowa\/opiekunowie","robots":{"index":"index","follow":"follow","max-snippet":"max-snippet:-1","max-image-preview":"max-image-preview:large","max-video-preview":"max-video-preview:-1"},"og_locale":"pl_PL","og_type":"article","og_title":"Pomoc domowa\/opiekunowie","og_url":"https:\/\/polrat.de\/pl\/pomoc-domowa-opiekunowie\/","og_site_name":"POLRAT Consulting","article_modified_time":"2026-04-02T12:18:43+00:00","twitter_card":"summary_large_image","twitter_misc":{"Szacowany czas czytania":"1 minuta"},"schema":{"@context":"https:\/\/schema.org","@graph":[{"@type":"WebPage","@id":"https:\/\/polrat.de\/pl\/pomoc-domowa-opiekunowie\/","url":"https:\/\/polrat.de\/pl\/pomoc-domowa-opiekunowie\/","name":"Haushaltshilfen\/Pflegekr\u00e4fte - POLRAT Consulting","isPartOf":{"@id":"https:\/\/polrat.de\/#website"},"datePublished":"2026-03-30T13:09:16+00:00","dateModified":"2026-04-02T12:18:43+00:00","breadcrumb":{"@id":"https:\/\/polrat.de\/pl\/pomoc-domowa-opiekunowie\/#breadcrumb"},"inLanguage":"pl-PL","potentialAction":[{"@type":"ReadAction","target":["https:\/\/polrat.de\/pl\/pomoc-domowa-opiekunowie\/"]}]},{"@type":"BreadcrumbList","@id":"https:\/\/polrat.de\/pl\/pomoc-domowa-opiekunowie\/#breadcrumb","itemListElement":[{"@type":"ListItem","position":1,"name":"Polrat Consulting","item":"https:\/\/polrat.de\/"},{"@type":"ListItem","position":2,"name":"Pomoc domowa\/opiekunowie"}]},{"@type":"WebSite","@id":"https:\/\/polrat.de\/pl\/#website","url":"https:\/\/polrat.de\/pl\/","name":"POLRAT Consulting","description":"Tw\u00f3j partner, gdy trzeba \u0142atwo upora\u0107 si\u0119 z biurokracj\u0105.","potentialAction":[{"@type":"SearchAction","target":{"@type":"EntryPoint","urlTemplate":"https:\/\/polrat.de\/pl\/?s={search_term_string}"},"query-input":{"@type":"PropertyValueSpecification","valueRequired":true,"valueName":"search_term_string"}}],"inLanguage":"pl-PL"}]}},"_links":{"self":[{"href":"https:\/\/polrat.de\/pl\/wp-json\/wp\/v2\/pages\/63","targetHints":{"allow":["GET"]}}],"collection":[{"href":"https:\/\/polrat.de\/pl\/wp-json\/wp\/v2\/pages"}],"about":[{"href":"https:\/\/polrat.de\/pl\/wp-json\/wp\/v2\/types\/page"}],"author":[{"embeddable":true,"href":"https:\/\/polrat.de\/pl\/wp-json\/wp\/v2\/users\/1"}],"replies":[{"embeddable":true,"href":"https:\/\/polrat.de\/pl\/wp-json\/wp\/v2\/comments?post=63"}],"version-history":[{"count":7,"href":"https:\/\/polrat.de\/pl\/wp-json\/wp\/v2\/pages\/63\/revisions"}],"predecessor-version":[{"id":120,"href":"https:\/\/polrat.de\/pl\/wp-json\/wp\/v2\/pages\/63\/revisions\/120"}],"wp:attachment":[{"href":"https:\/\/polrat.de\/pl\/wp-json\/wp\/v2\/media?parent=63"}],"curies":[{"name":"wp","href":"https:\/\/api.w.org\/{rel}","templated":true}]}}